{"id":2117,"date":"2020-02-19T12:25:06","date_gmt":"2020-02-19T12:25:06","guid":{"rendered":"https:\/\/insidebarcelona.com\/new\/terminos-y-condiciones\/"},"modified":"2026-02-27T11:52:43","modified_gmt":"2026-02-27T11:52:43","slug":"termes-et-conditions","status":"publish","type":"page","link":"https:\/\/insidebarcelona.com\/fr\/termes-et-conditions\/","title":{"rendered":"Termes et conditions"},"content":{"rendered":"<p><u>Politiques d&rsquo;entr\u00e9e\/sortie<\/u><br \/>\nCet \u00e9tablissement applique les horaires et conditions d&rsquo;enregistrement et de d\u00e9part suivants\u00a0:<\/p>\n<p><strong>Heure d&rsquo;entr\u00e9e : <\/strong>15h.<\/p>\n<p><strong>Heure de d\u00e9part\u00a0: <\/strong>11h.<\/p>\n<p><u>Politiques de propri\u00e9t\u00e9 et d&rsquo;annulation\u00a0:<\/u><\/p>\n<p><strong>TARIF FLEXIBLE<\/strong><br \/>\nLa premi\u00e8re nuit sera factur\u00e9e pour confirmer la r\u00e9servation. En cas d&rsquo;annulation jusqu&rsquo;\u00e0 sept (7) jours avant l&rsquo;arriv\u00e9e, l&rsquo;acompte sera int\u00e9gralement rembours\u00e9. Vous pouvez annuler la r\u00e9servation sans frais jusqu&rsquo;\u00e0 sept (7) jours avant la date d&rsquo;arriv\u00e9e. Vous paierez le co\u00fbt de la premi\u00e8re nuit si vous annulez dans les sept (7) jours avant la date d&rsquo;arriv\u00e9e ou si votre r\u00e9servation n&rsquo;est pas trait\u00e9e (no show), vous paierez le montant total de votre r\u00e9servation.<br \/>\nest)<\/p>\n<p><strong>TARIF NON REMBOURSABLE\u00a0:<\/strong><br \/>\nLe prix total de la r\u00e9servation sera factur\u00e9 afin de confirmer la r\u00e9servation. Aucun remboursement ne sera accept\u00e9 en cas de modifications suppl\u00e9mentaires ou d&rsquo;annulation de la r\u00e9servation.<br \/>\nLe prix de l&rsquo;appartement n&rsquo;inclut pas la TAXE DE S\u00c9JOUR, qui s&rsquo;\u00e9l\u00e8ve \u00e0 10,45\u20ac par personne et par nuit. (maximum 7 nuits)<\/p>\n<p><u>Conditions g\u00e9n\u00e9rales<\/u><\/p>\n<p><strong>PAIEMENT\u00a0:<\/strong><br \/>\nLe montant restant, ainsi que les prestations suppl\u00e9mentaires, doivent \u00eatre pay\u00e9s par le client par carte de cr\u00e9dit\/d\u00e9bit quelques jours avant l&rsquo;arriv\u00e9e via l&rsquo;inscription en ligne. Exceptionnellement, ledit paiement peut \u00e9galement \u00eatre effectu\u00e9 par virement bancaire \u00e0 condition que (i) INSIDE BARCELONA l&rsquo;autorise express\u00e9ment et (ii) que le virement soit re\u00e7u 1 semaine avant la date d&rsquo;arriv\u00e9e du client.<\/p>\n<p><strong>Modifier les dates\u00a0:<\/strong><br \/>\nLa m\u00eame politique d&rsquo;annulation d\u00e9crite dans la section pr\u00e9c\u00e9dente sera suivie et toujours sous r\u00e9serve de disponibilit\u00e9 \u00e0 tout moment.<\/p>\n<p><strong>MODIFICATION DES CONDITIONS DES APPARTEMENTS \u00c0 L&rsquo;INT\u00c9RIEUR DE BARCELONE\u00a0:<\/strong><br \/>\nSi pour une raison ind\u00e9pendante de notre volont\u00e9, y compris la force majeure, INSIDE BARCELONA doit modifier les conditions de la r\u00e9servation confirm\u00e9e avec le client, INSIDE BARCELONA doit en informer imm\u00e9diatement le client. Concr\u00e8tement, dans le cas o\u00f9 INSIDE BARCELONA ne peut pas fournir l&rsquo;appartement initialement contract\u00e9, elle doit en proposer un autre avec des caract\u00e9ristiques identiques ou meilleures que celui initialement propos\u00e9 et dans la m\u00eame zone. Dans le cas o\u00f9 l&rsquo;appartement propos\u00e9 aurait un co\u00fbt plus \u00e9lev\u00e9 que celui initialement demand\u00e9, INSIDE BARCELONA ne pourra pas le r\u00e9percuter sur le client. Au contraire, si l&rsquo;appartement alternatif est inf\u00e9rieur au prix initial, INSIDE BARCELONA remboursera la diff\u00e9rence au client. Dans le cas o\u00f9 INSIDE BARCELONA et le client ne seraient pas d&rsquo;accord sur les circonstances de la modification, INSIDE BARCELONA remboursera toutes les sommes vers\u00e9es par le client, qui n&rsquo;aura plus rien \u00e0 r\u00e9clamer.<\/p>\n<p><strong>NOMBRE ET IDENTIT\u00c9 DES CLIENTS\u00a0:<\/strong><br \/>\nLes clients doivent fournir \u00e0 INSIDE BARCELONA le num\u00e9ro et l&rsquo;identit\u00e9 des occupants de l&rsquo;appartement, y compris, si INSIDE BARCELONA le demande, leur nom complet, leur adresse, leur num\u00e9ro de t\u00e9l\u00e9phone et leur \u00e2ge. Seules les personnes identifi\u00e9es par le client au moment de la r\u00e9servation auront le droit d&rsquo;utiliser l&rsquo;appartement. Les animaux ou animaux de compagnie de toute sorte ne sont pas accept\u00e9s dans les appartements. Dans le cas o\u00f9 INSIDE BARCELONA ou toute personne qui lui est li\u00e9e d\u00e9tecte le non-respect de l&rsquo;une des obligations ci-dessus, INSIDE BARCELONA pourra exiger du client qu&rsquo;il abandonne imm\u00e9diatement l&rsquo;appartement sans que le client puisse pr\u00e9tendre \u00e0 une quelconque indemnisation ou remboursement.<\/p>\n<p><strong>ARRIV\u00c9ES\u00a0:<\/strong><br \/>\nLes appartements sont disponibles le jour de l&rsquo;arriv\u00e9e \u00e0 partir de 15h00.<br \/>\nDans tous les cas, le client doit toujours informer INSIDE BARCELONA, au moins 2 jours avant la date d&rsquo;arriv\u00e9e, de l&rsquo;heure \u00e0 laquelle elle est pr\u00e9vue. Dans le cas contraire, INSIDE BARCELONA n&rsquo;est pas responsable des retards ou des inconv\u00e9nients qui pourraient survenir au client en raison du manque d&rsquo;information.<\/p>\n<p><strong>SORTIES\u00a0:<\/strong><br \/>\nLe client et tous les invit\u00e9s s\u00e9journant doivent obligatoirement quitter l&rsquo;appartement, avec toutes leurs affaires, avant 11h00 le jour du d\u00e9part, sauf accord \u00e9crit contraire.<\/p>\n<p><strong>FOURNITURES, \u00c9QUIPEMENT ET SERVICE DE NETTOYAGE\u00a0:<\/strong><br \/>\nSauf indication contraire expresse, l&rsquo;eau, l&rsquo;\u00e9lectricit\u00e9 et la fourniture Internet sont incluses dans le prix. De m\u00eame, l&rsquo;appartement est toujours livr\u00e9 propre et avec les draps et serviettes correspondants et avec la cuisine \u00e9quip\u00e9e pour cuisiner en fonction du nombre d&rsquo;occupants embauch\u00e9s par le client. Pour les r\u00e9servations \u00e9gales ou sup\u00e9rieures \u00e0 7 nuits, le m\u00e9nage hebdomadaire est inclus dans le prix pendant le s\u00e9jour, y compris le changement des draps et des serviettes.<\/p>\n<p><strong>RESPONSABILIT\u00c9S\u00a0:<\/strong><br \/>\nINSIDE BARCELONA ne sera pas responsable de la panne de l&rsquo;ascenseur ou de toute autre circonstance d\u00e9favorable ind\u00e9pendante de sa volont\u00e9 (pannes de courant, dysfonctionnement de la machine de climatisation, etc.). Dans tous les cas, INSIDE BARCELONA doit toujours faire ses meilleurs efforts pour que tout incident soit r\u00e9solu dans les plus brefs d\u00e9lais. Dans le cas o\u00f9 le client doit quitter l&rsquo;appartement \u00e0 la suite de ces probl\u00e8mes, INSIDE BARCELONA remboursera au client le montant correspondant aux jours non utilis\u00e9s. En tout \u00e9tat de cause, INSIDE BARCELONA n&rsquo;est pas responsable des dommages que le client pourrait subir du fait de son s\u00e9jour dans l&rsquo;appartement, y compris le vol ou l&rsquo;incendie.<\/p>\n<p><strong>COMPORTEMENT DU CLIENT\u00a0:<\/strong><br \/>\nLe client sera responsable de son propre comportement et de celui des personnes qui l&rsquo;accompagnent. Dans le cas o\u00f9 le client ou l&rsquo;un de ses accompagnants ne se comporte pas conform\u00e9ment aux normes minimales de coexistence, INSIDE BARCELONA pourra lui demander de quitter l&rsquo;appartement sans droit \u00e0 remboursement ou indemnisation d&rsquo;aucune sorte.<\/p>\n<p><strong>R\u00c8GLES DE S\u00c9CURIT\u00c9\u00a0:<\/strong><br \/>\nPendant son s\u00e9jour dans les appartements (et \u00e0 l&rsquo;ext\u00e9rieur !), le client doit \u00eatre responsable de tous les objets personnels et de valeur, puisque INSIDE BARCELONA n&rsquo;est pas responsable en cas de vol ou de perte.<\/p>\n<p><strong>PROTECTION DES DONN\u00c9ES PERSONNELLES\u00a0:<\/strong><br \/>\nNous vous informons que les donn\u00e9es que vous nous communiquez dans ce formulaire seront incluses dans un fichier dont le but est de faciliter la localisation de clients et fournisseurs potentiels. Le responsable du dossier est IDAP SERVICIOS SL. et son adresse est c\/ Esparter\u00eda, 1, Barcelone. \u00c0 cette m\u00eame adresse, vous pouvez exercer gratuitement vos droits d&rsquo;acc\u00e8s, de modification et d&rsquo;annulation des donn\u00e9es ou en envoyant un e-mail \u00e0 info@insidebarcelona.com.<\/p>\n","protected":false},"excerpt":{"rendered":"<p>Politiques d&rsquo;entr\u00e9e\/sortie Cet \u00e9tablissement applique les horaires et conditions d&rsquo;enregistrement et de d\u00e9part suivants\u00a0: Heure d&rsquo;entr\u00e9e : 15h. Heure de d\u00e9part\u00a0: 11h. Politiques de propri\u00e9t\u00e9 et d&rsquo;annulation\u00a0: TARIF FLEXIBLE La premi\u00e8re nuit sera factur\u00e9e pour confirmer la r\u00e9servation. En cas d&rsquo;annulation jusqu&rsquo;\u00e0 sept (7) jours avant l&rsquo;arriv\u00e9e, l&rsquo;acompte sera int\u00e9gralement rembours\u00e9. Vous pouvez annuler la [&hellip;]<\/p>\n","protected":false},"author":2,"featured_media":0,"parent":0,"menu_order":0,"comment_status":"closed","ping_status":"closed","template":"","meta":{"_acf_changed":false,"footnotes":""},"class_list":["post-2117","page","type-page","status-publish","hentry"],"acf":[],"yoast_head":"<!-- This site is optimized with the Yoast SEO plugin v27.4 - https:\/\/yoast.com\/product\/yoast-seo-wordpress\/ -->\n<title>Termes et conditions - Inside Barcelona<\/title>\n<meta name=\"robots\" content=\"index, follow, max-snippet:-1, max-image-preview:large, max-video-preview:-1\" \/>\n<link rel=\"canonical\" href=\"https:\/\/insidebarcelona.com\/fr\/termes-et-conditions\/\" \/>\n<meta property=\"og:locale\" content=\"fr_FR\" \/>\n<meta property=\"og:type\" content=\"article\" \/>\n<meta property=\"og:title\" content=\"Termes et conditions - Inside Barcelona\" \/>\n<meta property=\"og:description\" content=\"Politiques d&rsquo;entr\u00e9e\/sortie Cet \u00e9tablissement applique les horaires et conditions d&rsquo;enregistrement et de d\u00e9part suivants\u00a0: Heure d&rsquo;entr\u00e9e : 15h. Heure de d\u00e9part\u00a0: 11h. Politiques de propri\u00e9t\u00e9 et d&rsquo;annulation\u00a0: TARIF FLEXIBLE La premi\u00e8re nuit sera factur\u00e9e pour confirmer la r\u00e9servation. En cas d&rsquo;annulation jusqu&rsquo;\u00e0 sept (7) jours avant l&rsquo;arriv\u00e9e, l&rsquo;acompte sera int\u00e9gralement rembours\u00e9. Vous pouvez annuler la [&hellip;]\" \/>\n<meta property=\"og:url\" content=\"https:\/\/insidebarcelona.com\/fr\/termes-et-conditions\/\" \/>\n<meta property=\"og:site_name\" content=\"Inside Barcelona\" \/>\n<meta property=\"article:modified_time\" content=\"2026-02-27T11:52:43+00:00\" \/>\n<meta name=\"twitter:card\" content=\"summary_large_image\" \/>\n<meta name=\"twitter:label1\" content=\"Dur\u00e9e de lecture estim\u00e9e\" \/>\n\t<meta name=\"twitter:data1\" content=\"5 minutes\" \/>\n<script type=\"application\/ld+json\" class=\"yoast-schema-graph\">{\"@context\":\"https:\\\/\\\/schema.org\",\"@graph\":[{\"@type\":\"WebPage\",\"@id\":\"https:\\\/\\\/insidebarcelona.com\\\/fr\\\/termes-et-conditions\\\/\",\"url\":\"https:\\\/\\\/insidebarcelona.com\\\/fr\\\/termes-et-conditions\\\/\",\"name\":\"Termes et conditions - Inside Barcelona\",\"isPartOf\":{\"@id\":\"https:\\\/\\\/insidebarcelona.com\\\/#website\"},\"datePublished\":\"2020-02-19T12:25:06+00:00\",\"dateModified\":\"2026-02-27T11:52:43+00:00\",\"breadcrumb\":{\"@id\":\"https:\\\/\\\/insidebarcelona.com\\\/fr\\\/termes-et-conditions\\\/#breadcrumb\"},\"inLanguage\":\"fr-FR\",\"potentialAction\":[{\"@type\":\"ReadAction\",\"target\":[\"https:\\\/\\\/insidebarcelona.com\\\/fr\\\/termes-et-conditions\\\/\"]}]},{\"@type\":\"BreadcrumbList\",\"@id\":\"https:\\\/\\\/insidebarcelona.com\\\/fr\\\/termes-et-conditions\\\/#breadcrumb\",\"itemListElement\":[{\"@type\":\"ListItem\",\"position\":1,\"name\":\"Portada\",\"item\":\"https:\\\/\\\/insidebarcelona.com\\\/fr\\\/\"},{\"@type\":\"ListItem\",\"position\":2,\"name\":\"Termes et conditions\"}]},{\"@type\":\"WebSite\",\"@id\":\"https:\\\/\\\/insidebarcelona.com\\\/#website\",\"url\":\"https:\\\/\\\/insidebarcelona.com\\\/\",\"name\":\"Inside Barcelona\",\"description\":\"Feel at home!\",\"potentialAction\":[{\"@type\":\"SearchAction\",\"target\":{\"@type\":\"EntryPoint\",\"urlTemplate\":\"https:\\\/\\\/insidebarcelona.com\\\/?s={search_term_string}\"},\"query-input\":{\"@type\":\"PropertyValueSpecification\",\"valueRequired\":true,\"valueName\":\"search_term_string\"}}],\"inLanguage\":\"fr-FR\"}]}<\/script>\n<!-- \/ Yoast SEO plugin. -->","yoast_head_json":{"title":"Termes et conditions - Inside Barcelona","robots":{"index":"index","follow":"follow","max-snippet":"max-snippet:-1","max-image-preview":"max-image-preview:large","max-video-preview":"max-video-preview:-1"},"canonical":"https:\/\/insidebarcelona.com\/fr\/termes-et-conditions\/","og_locale":"fr_FR","og_type":"article","og_title":"Termes et conditions - Inside Barcelona","og_description":"Politiques d&rsquo;entr\u00e9e\/sortie Cet \u00e9tablissement applique les horaires et conditions d&rsquo;enregistrement et de d\u00e9part suivants\u00a0: Heure d&rsquo;entr\u00e9e : 15h. Heure de d\u00e9part\u00a0: 11h. Politiques de propri\u00e9t\u00e9 et d&rsquo;annulation\u00a0: TARIF FLEXIBLE La premi\u00e8re nuit sera factur\u00e9e pour confirmer la r\u00e9servation. En cas d&rsquo;annulation jusqu&rsquo;\u00e0 sept (7) jours avant l&rsquo;arriv\u00e9e, l&rsquo;acompte sera int\u00e9gralement rembours\u00e9. Vous pouvez annuler la [&hellip;]","og_url":"https:\/\/insidebarcelona.com\/fr\/termes-et-conditions\/","og_site_name":"Inside Barcelona","article_modified_time":"2026-02-27T11:52:43+00:00","twitter_card":"summary_large_image","twitter_misc":{"Dur\u00e9e de lecture estim\u00e9e":"5 minutes"},"schema":{"@context":"https:\/\/schema.org","@graph":[{"@type":"WebPage","@id":"https:\/\/insidebarcelona.com\/fr\/termes-et-conditions\/","url":"https:\/\/insidebarcelona.com\/fr\/termes-et-conditions\/","name":"Termes et conditions - Inside Barcelona","isPartOf":{"@id":"https:\/\/insidebarcelona.com\/#website"},"datePublished":"2020-02-19T12:25:06+00:00","dateModified":"2026-02-27T11:52:43+00:00","breadcrumb":{"@id":"https:\/\/insidebarcelona.com\/fr\/termes-et-conditions\/#breadcrumb"},"inLanguage":"fr-FR","potentialAction":[{"@type":"ReadAction","target":["https:\/\/insidebarcelona.com\/fr\/termes-et-conditions\/"]}]},{"@type":"BreadcrumbList","@id":"https:\/\/insidebarcelona.com\/fr\/termes-et-conditions\/#breadcrumb","itemListElement":[{"@type":"ListItem","position":1,"name":"Portada","item":"https:\/\/insidebarcelona.com\/fr\/"},{"@type":"ListItem","position":2,"name":"Termes et conditions"}]},{"@type":"WebSite","@id":"https:\/\/insidebarcelona.com\/#website","url":"https:\/\/insidebarcelona.com\/","name":"Inside Barcelona","description":"Feel at home!","potentialAction":[{"@type":"SearchAction","target":{"@type":"EntryPoint","urlTemplate":"https:\/\/insidebarcelona.com\/?s={search_term_string}"},"query-input":{"@type":"PropertyValueSpecification","valueRequired":true,"valueName":"search_term_string"}}],"inLanguage":"fr-FR"}]}},"_links":{"self":[{"href":"https:\/\/insidebarcelona.com\/fr\/wp-json\/wp\/v2\/pages\/2117","targetHints":{"allow":["GET"]}}],"collection":[{"href":"https:\/\/insidebarcelona.com\/fr\/wp-json\/wp\/v2\/pages"}],"about":[{"href":"https:\/\/insidebarcelona.com\/fr\/wp-json\/wp\/v2\/types\/page"}],"author":[{"embeddable":true,"href":"https:\/\/insidebarcelona.com\/fr\/wp-json\/wp\/v2\/users\/2"}],"replies":[{"embeddable":true,"href":"https:\/\/insidebarcelona.com\/fr\/wp-json\/wp\/v2\/comments?post=2117"}],"version-history":[{"count":10,"href":"https:\/\/insidebarcelona.com\/fr\/wp-json\/wp\/v2\/pages\/2117\/revisions"}],"predecessor-version":[{"id":42477,"href":"https:\/\/insidebarcelona.com\/fr\/wp-json\/wp\/v2\/pages\/2117\/revisions\/42477"}],"wp:attachment":[{"href":"https:\/\/insidebarcelona.com\/fr\/wp-json\/wp\/v2\/media?parent=2117"}],"curies":[{"name":"wp","href":"https:\/\/api.w.org\/{rel}","templated":true}]}}