{"id":1704,"date":"2019-11-06T16:33:33","date_gmt":"2019-11-06T16:33:33","guid":{"rendered":"https:\/\/insidebarcelona.com\/new\/privacy-policy\/"},"modified":"2024-07-16T13:16:05","modified_gmt":"2024-07-16T13:16:05","slug":"mentions-legales","status":"publish","type":"page","link":"https:\/\/insidebarcelona.com\/fr\/mentions-legales\/","title":{"rendered":"Mentions l\u00e9gales"},"content":{"rendered":"<h4 class=\"tk-font font_regular\">Merci de prendre en compte les informations l\u00e9gales suivantes<\/h4>\n<h6>Qui sommes-nous ?<\/h6>\n<p><strong>INSIDE BARCELONA<\/strong> (www.insidebarcelona.com) est une marque commerciale de IDAP SERVICIOS, S.L. \u2013 dont le si\u00e8ge social est domicili\u00e9 \u00e0 l&rsquo;adresse Calle Esparteria n\u00ba 1, Local 1, 08003 Barcelone \u2013 inscrite au Registre du Commerce de Barcelone sous le num\u00e9ro CIF B-63943914<\/p>\n<p>IDAP SERVICIOS, S.L. est inscrit au Registre des Entreprises et Activit\u00e9s Touristiques de Catalogne sous le num\u00e9ro EB-0084.<\/p>\n<h6>Contenu de la page Web :<\/h6>\n<p>Tous les \u00e9l\u00e9ments contenus dans la page HYPERLINK \u00ab\u00a0http:\/\/www.insidebarcelona.com\u00a0\u00bb www.insidebarcelona.com, y compris les \u00e9l\u00e9ments de design, sont la propri\u00e9t\u00e9 exclusive de la dite entreprise et sont prot\u00e9g\u00e9s par les droits de propri\u00e9t\u00e9 intellectuelle. La reproduction ou l&rsquo;imitation, totale ou partielle, de ce site est donc interdite.<\/p>\n<h6>Protection des donn\u00e9es :<\/h6>\n<p><em>a) Donn\u00e9es personnelles<\/em><\/p>\n<p>Les donn\u00e9es personnelles collect\u00e9es par INSIDE BARCELONA \u00e0 travers sa page Web sont trait\u00e9es avec un maximum de confidentialit\u00e9.<\/p>\n<p>En accord avec la Loi Organique 15\/1999, du 13 d\u00e9cembre, de la Protection de Donn\u00e9es \u00e0 caract\u00e8re personnel, nous informons l&rsquo;Utilisateur de l&rsquo;existence de fichiers de donn\u00e9es \u00e0 caract\u00e8re personnel n\u00e9cessaires au traitement des r\u00e9servations et informations de disponibilit\u00e9s des appartements. L&rsquo;entit\u00e9 responsable de ces fichiers est INSIDE BARCELONA.<\/p>\n<p>En cas de consultations ou suggestions r\u00e9alis\u00e9es \u00e0 travers les sections pr\u00e9vues \u00e0 cet effet, les informations seront exclusivement utilis\u00e9es pour r\u00e9pondre aux questions formul\u00e9es.<\/p>\n<p>Les donn\u00e9es personnelles requises dans les formulaires sont indispensables pour traiter correctement les sollicitudes, consultations ou suggestions de l&rsquo;Utilisateur, sauf pour certains champs o\u00f9 le contraire est express\u00e9ment signal\u00e9. INSIDE BARCELONA ne pourra pas traiter correctement les formulaires dont les champs obligatoires n&rsquo;ont pas \u00e9t\u00e9 compl\u00e9t\u00e9s ou remplis avec des donn\u00e9es incorrectes.<\/p>\n<p><em>b) Droits d&rsquo;acc\u00e8s, de rectification, d&rsquo;annulation et d&rsquo;opposition<\/em><\/p>\n<p>INSIDE BARCELONA, destinataire des donn\u00e9es recueillies sur cette page, s&rsquo;engage \u00e0 respecter et faciliter l&rsquo;exercice des droits reconnus pour la loi aux Utilisateurs, et en particulier les droits d&rsquo;acc\u00e8s, de rectification, d&rsquo;annulation et d&rsquo;opposition de donn\u00e9es, le cas \u00e9ch\u00e9ant. Pour exercer ses droits, l&rsquo;Utilisateur ou son repr\u00e9sentant devra adresser un courrier sign\u00e9 \u00e0 l&rsquo;adresse suivante : INSIDE BARCELONA, c\/ Esparteria n\u00ba 1, Local 1, 08003 Barcelone.<\/p>\n<h6>L\u00e9gislation applicable et Comp\u00e9tence Juridique :<\/h6>\n<p>Tout litige \u00e9manant ou li\u00e9 au site Web d&rsquo;INSIDE BARCELONA sera soumis \u00e0 la l\u00e9gislation espagnole, et la r\u00e9solution des conflits d\u00e9riv\u00e9s ou li\u00e9s \u00e0 l&rsquo;usage de cette page Web sera soumise \u00e0 l&rsquo;arbitrage des Jur\u00e9s et Tribunaux de Barcelone.<\/p>\n<h6>Envoi de promotion et de publicit\u00e9 par e-mail :<\/h6>\n<p>Nous vous informons que les adresses de courrier \u00e9lectronique et les donn\u00e9es personnelles incluses dans vos messages \u00e9lectroniques pourront \u00eatre introduites dans un fichier automatique g\u00e9r\u00e9 par INSIDE BARCELONA afin de r\u00e9aliser de la mani\u00e8re la plus effective possible notre activit\u00e9 professionnelle.<\/p>\n<p>Si vous introduisez des donn\u00e9es \u00e0 caract\u00e8re personnel relatives \u00e0 un tiers, vous devrez au pr\u00e9alable obtenir le consentement de la dite personne et l&rsquo;informer express\u00e9ment des termes ci-avant expos\u00e9s.<\/p>\n<p>Vous pouvez exercer vos droits d&rsquo;acc\u00e8s, de rectification, d&rsquo;annulation et d&rsquo;opposition \u00e0 INSIDE BARCELONA, c\/ Esparteria n\u00ba 1 Local 1, 08003 Barcelone.<\/p>\n<h6>Clause de confidentialit\u00e9 :<\/h6>\n<p>Les informations transmises sont destin\u00e9es uniquement \u00e0 la personne ou \u00e0 l&rsquo;entit\u00e9 \u00e0 laquelle elles sont adress\u00e9es, et peuvent contenir des donn\u00e9es confidentielles et\/ou privil\u00e9gi\u00e9es. Toute modification, reproduction, diffusion et autres actions de divulgation, par des personnes ou entit\u00e9s autres que son destinataire, sont formellement interdits. Si vous le recevez par erreur, merci de contacter la personne qui figure comme exp\u00e9diteur et d&rsquo;\u00e9liminer le mat\u00e9riel de n&rsquo;importe quel ordinateur.<\/p>\n","protected":false},"excerpt":{"rendered":"<p>Merci de prendre en compte les informations l\u00e9gales suivantes Qui sommes-nous ? INSIDE BARCELONA (www.insidebarcelona.com) est une marque commerciale de IDAP SERVICIOS, S.L. \u2013 dont le si\u00e8ge social est domicili\u00e9 \u00e0 l&rsquo;adresse Calle Esparteria n\u00ba 1, Local 1, 08003 Barcelone \u2013 inscrite au Registre du Commerce de Barcelone sous le num\u00e9ro CIF B-63943914 IDAP SERVICIOS, [&hellip;]<\/p>\n","protected":false},"author":2,"featured_media":0,"parent":0,"menu_order":0,"comment_status":"closed","ping_status":"closed","template":"","meta":{"_acf_changed":false,"footnotes":""},"class_list":["post-1704","page","type-page","status-publish","hentry"],"acf":[],"yoast_head":"<!-- This site is optimized with the Yoast SEO plugin v27.5 - https:\/\/yoast.com\/product\/yoast-seo-wordpress\/ -->\n<title>Mentions l\u00e9gales - Inside Barcelona<\/title>\n<meta name=\"robots\" content=\"index, follow, max-snippet:-1, max-image-preview:large, max-video-preview:-1\" \/>\n<link rel=\"canonical\" href=\"https:\/\/insidebarcelona.com\/fr\/mentions-legales\/\" \/>\n<meta property=\"og:locale\" content=\"fr_FR\" \/>\n<meta property=\"og:type\" content=\"article\" \/>\n<meta property=\"og:title\" content=\"Mentions l\u00e9gales - Inside Barcelona\" \/>\n<meta property=\"og:description\" content=\"Merci de prendre en compte les informations l\u00e9gales suivantes Qui sommes-nous ? INSIDE BARCELONA (www.insidebarcelona.com) est une marque commerciale de IDAP SERVICIOS, S.L. \u2013 dont le si\u00e8ge social est domicili\u00e9 \u00e0 l&rsquo;adresse Calle Esparteria n\u00ba 1, Local 1, 08003 Barcelone \u2013 inscrite au Registre du Commerce de Barcelone sous le num\u00e9ro CIF B-63943914 IDAP SERVICIOS, [&hellip;]\" \/>\n<meta property=\"og:url\" content=\"https:\/\/insidebarcelona.com\/fr\/mentions-legales\/\" \/>\n<meta property=\"og:site_name\" content=\"Inside Barcelona\" \/>\n<meta property=\"article:modified_time\" content=\"2024-07-16T13:16:05+00:00\" \/>\n<meta name=\"twitter:card\" content=\"summary_large_image\" \/>\n<meta name=\"twitter:label1\" content=\"Dur\u00e9e de lecture estim\u00e9e\" \/>\n\t<meta name=\"twitter:data1\" content=\"3 minutes\" \/>\n<script type=\"application\/ld+json\" class=\"yoast-schema-graph\">{\"@context\":\"https:\\\/\\\/schema.org\",\"@graph\":[{\"@type\":\"WebPage\",\"@id\":\"https:\\\/\\\/insidebarcelona.com\\\/fr\\\/mentions-legales\\\/\",\"url\":\"https:\\\/\\\/insidebarcelona.com\\\/fr\\\/mentions-legales\\\/\",\"name\":\"Mentions l\u00e9gales - Inside Barcelona\",\"isPartOf\":{\"@id\":\"https:\\\/\\\/insidebarcelona.com\\\/#website\"},\"datePublished\":\"2019-11-06T16:33:33+00:00\",\"dateModified\":\"2024-07-16T13:16:05+00:00\",\"breadcrumb\":{\"@id\":\"https:\\\/\\\/insidebarcelona.com\\\/fr\\\/mentions-legales\\\/#breadcrumb\"},\"inLanguage\":\"fr-FR\",\"potentialAction\":[{\"@type\":\"ReadAction\",\"target\":[\"https:\\\/\\\/insidebarcelona.com\\\/fr\\\/mentions-legales\\\/\"]}]},{\"@type\":\"BreadcrumbList\",\"@id\":\"https:\\\/\\\/insidebarcelona.com\\\/fr\\\/mentions-legales\\\/#breadcrumb\",\"itemListElement\":[{\"@type\":\"ListItem\",\"position\":1,\"name\":\"Portada\",\"item\":\"https:\\\/\\\/insidebarcelona.com\\\/fr\\\/\"},{\"@type\":\"ListItem\",\"position\":2,\"name\":\"Mentions l\u00e9gales\"}]},{\"@type\":\"WebSite\",\"@id\":\"https:\\\/\\\/insidebarcelona.com\\\/#website\",\"url\":\"https:\\\/\\\/insidebarcelona.com\\\/\",\"name\":\"Inside Barcelona\",\"description\":\"Feel at home!\",\"potentialAction\":[{\"@type\":\"SearchAction\",\"target\":{\"@type\":\"EntryPoint\",\"urlTemplate\":\"https:\\\/\\\/insidebarcelona.com\\\/?s={search_term_string}\"},\"query-input\":{\"@type\":\"PropertyValueSpecification\",\"valueRequired\":true,\"valueName\":\"search_term_string\"}}],\"inLanguage\":\"fr-FR\"}]}<\/script>\n<!-- \/ Yoast SEO plugin. -->","yoast_head_json":{"title":"Mentions l\u00e9gales - Inside Barcelona","robots":{"index":"index","follow":"follow","max-snippet":"max-snippet:-1","max-image-preview":"max-image-preview:large","max-video-preview":"max-video-preview:-1"},"canonical":"https:\/\/insidebarcelona.com\/fr\/mentions-legales\/","og_locale":"fr_FR","og_type":"article","og_title":"Mentions l\u00e9gales - Inside Barcelona","og_description":"Merci de prendre en compte les informations l\u00e9gales suivantes Qui sommes-nous ? INSIDE BARCELONA (www.insidebarcelona.com) est une marque commerciale de IDAP SERVICIOS, S.L. \u2013 dont le si\u00e8ge social est domicili\u00e9 \u00e0 l&rsquo;adresse Calle Esparteria n\u00ba 1, Local 1, 08003 Barcelone \u2013 inscrite au Registre du Commerce de Barcelone sous le num\u00e9ro CIF B-63943914 IDAP SERVICIOS, [&hellip;]","og_url":"https:\/\/insidebarcelona.com\/fr\/mentions-legales\/","og_site_name":"Inside Barcelona","article_modified_time":"2024-07-16T13:16:05+00:00","twitter_card":"summary_large_image","twitter_misc":{"Dur\u00e9e de lecture estim\u00e9e":"3 minutes"},"schema":{"@context":"https:\/\/schema.org","@graph":[{"@type":"WebPage","@id":"https:\/\/insidebarcelona.com\/fr\/mentions-legales\/","url":"https:\/\/insidebarcelona.com\/fr\/mentions-legales\/","name":"Mentions l\u00e9gales - Inside Barcelona","isPartOf":{"@id":"https:\/\/insidebarcelona.com\/#website"},"datePublished":"2019-11-06T16:33:33+00:00","dateModified":"2024-07-16T13:16:05+00:00","breadcrumb":{"@id":"https:\/\/insidebarcelona.com\/fr\/mentions-legales\/#breadcrumb"},"inLanguage":"fr-FR","potentialAction":[{"@type":"ReadAction","target":["https:\/\/insidebarcelona.com\/fr\/mentions-legales\/"]}]},{"@type":"BreadcrumbList","@id":"https:\/\/insidebarcelona.com\/fr\/mentions-legales\/#breadcrumb","itemListElement":[{"@type":"ListItem","position":1,"name":"Portada","item":"https:\/\/insidebarcelona.com\/fr\/"},{"@type":"ListItem","position":2,"name":"Mentions l\u00e9gales"}]},{"@type":"WebSite","@id":"https:\/\/insidebarcelona.com\/#website","url":"https:\/\/insidebarcelona.com\/","name":"Inside Barcelona","description":"Feel at home!","potentialAction":[{"@type":"SearchAction","target":{"@type":"EntryPoint","urlTemplate":"https:\/\/insidebarcelona.com\/?s={search_term_string}"},"query-input":{"@type":"PropertyValueSpecification","valueRequired":true,"valueName":"search_term_string"}}],"inLanguage":"fr-FR"}]}},"_links":{"self":[{"href":"https:\/\/insidebarcelona.com\/fr\/wp-json\/wp\/v2\/pages\/1704","targetHints":{"allow":["GET"]}}],"collection":[{"href":"https:\/\/insidebarcelona.com\/fr\/wp-json\/wp\/v2\/pages"}],"about":[{"href":"https:\/\/insidebarcelona.com\/fr\/wp-json\/wp\/v2\/types\/page"}],"author":[{"embeddable":true,"href":"https:\/\/insidebarcelona.com\/fr\/wp-json\/wp\/v2\/users\/2"}],"replies":[{"embeddable":true,"href":"https:\/\/insidebarcelona.com\/fr\/wp-json\/wp\/v2\/comments?post=1704"}],"version-history":[{"count":5,"href":"https:\/\/insidebarcelona.com\/fr\/wp-json\/wp\/v2\/pages\/1704\/revisions"}],"predecessor-version":[{"id":14916,"href":"https:\/\/insidebarcelona.com\/fr\/wp-json\/wp\/v2\/pages\/1704\/revisions\/14916"}],"wp:attachment":[{"href":"https:\/\/insidebarcelona.com\/fr\/wp-json\/wp\/v2\/media?parent=1704"}],"curies":[{"name":"wp","href":"https:\/\/api.w.org\/{rel}","templated":true}]}}